{"id":319,"date":"2025-09-01T10:58:25","date_gmt":"2025-09-01T08:58:25","guid":{"rendered":"https:\/\/concordshs.eu\/?page_id=319"},"modified":"2025-09-16T18:55:33","modified_gmt":"2025-09-16T16:55:33","slug":"revue-de-litterature","status":"publish","type":"page","link":"https:\/\/concordshs.eu\/index.php\/revue-de-litterature\/","title":{"rendered":"Revue de litt\u00e9rature"},"content":{"rendered":"\n<h1 class=\"wp-block-heading alignfull has-text-align-center\">Revue de litt\u00e9rature sur le doctorat en SHS<\/h1>\n\n\n\n<div style=\"height:100px\" aria-hidden=\"true\" class=\"wp-block-spacer\"><\/div>\n\n\n\n<div class=\"wp-block-group alignfull has-accent-background-color has-background has-global-padding is-layout-constrained wp-container-core-group-is-layout-669513ed wp-block-group-is-layout-constrained\" style=\"margin-top:0;margin-bottom:0;padding-top:var(--wp--preset--spacing--50);padding-right:var(--wp--preset--spacing--50);padding-bottom:var(--wp--preset--spacing--50);padding-left:var(--wp--preset--spacing--50)\">\n<div class=\"wp-block-columns alignwide is-layout-flex wp-container-core-columns-is-layout-1da03c2a wp-block-columns-is-layout-flex\">\n<div class=\"wp-block-column is-vertically-aligned-stretch is-layout-flow wp-block-column-is-layout-flow\" style=\"flex-basis:50%\">\n<div class=\"wp-block-group is-vertical is-content-justification-stretch is-layout-flex wp-container-core-group-is-layout-444d5ee8 wp-block-group-is-layout-flex\" style=\"min-height:100%\">\n<p class=\"has-heading-font-family has-x-large-font-size\" style=\"line-height:1.2\">Dans le cadre du projet Concord-SHS, une revue de litt\u00e9rature a \u00e9t\u00e9 r\u00e9alis\u00e9e. Elle a pris la forme d&#8217;une bibliographie partag\u00e9e ainsi que d&#8217;une analyse probl\u00e9matis\u00e9e \u00e0 partir d&#8217;une comparaison des mani\u00e8res de traiter les conditions de r\u00e9alisation des doctorats en SHS. <\/p>\n\n\n\n<div class=\"wp-block-buttons alignfull is-content-justification-center is-layout-flex wp-container-core-buttons-is-layout-a89b3969 wp-block-buttons-is-layout-flex\">\n<div class=\"wp-block-button\"><a class=\"wp-block-button__link wp-element-button\" href=\"https:\/\/www.zotero.org\/groups\/6138016\/concord_shs\/library\" target=\"_blank\" rel=\"noreferrer noopener\"><strong>Voir la bibliographie partag\u00e9e Zotero<\/strong><\/a><\/div>\n<\/div>\n\n\n\n<div class=\"wp-block-buttons alignfull is-content-justification-center is-layout-flex wp-container-core-buttons-is-layout-a89b3969 wp-block-buttons-is-layout-flex\">\n<div class=\"wp-block-button\"><a class=\"wp-block-button__link wp-element-button\" href=\"https:\/\/concordshs.eu\/wp-content\/uploads\/2025\/09\/Concord_SHS_Revue_litterature_VF.pdf\" target=\"_blank\" rel=\"noreferrer noopener\"><strong>Voir l&#8217;analyse probl\u00e9matis\u00e9e<\/strong><\/a><\/div>\n<\/div>\n\n\n\n<p>Ce <strong>travail de la litt\u00e9rature<\/strong> s\u2019int\u00e9resse aux modalit\u00e9s de r\u00e9alisation des doctorats en fonction des disciplines, des sources de financement, des lieux de r\u00e9alisation, des conditions d\u2019encadrement, etc. La revue de litt\u00e9rature, internationale et transdisciplinaire, a permis d\u2019identifier non seulement des enqu\u00eates ponctuelles et localis\u00e9es, mais aussi des analyses comparatives qui auraient \u00e9t\u00e9 r\u00e9alis\u00e9es ou sont en cours de r\u00e9alisation.<\/p>\n<\/div>\n<\/div>\n\n\n\n<div class=\"wp-block-column is-vertically-aligned-center is-layout-flow wp-block-column-is-layout-flow\" style=\"flex-basis:50%\">\n<figure class=\"wp-block-image size-large is-style-rounded is-style-rounded--1\"><img loading=\"lazy\" decoding=\"async\" width=\"683\" height=\"1024\" src=\"https:\/\/concordshs.eu\/wp-content\/uploads\/2024\/05\/pexels-pixabay-433333-683x1024.jpg\" alt=\"\" class=\"wp-image-10\" style=\"aspect-ratio:3\/4;object-fit:cover\" srcset=\"https:\/\/concordshs.eu\/wp-content\/uploads\/2024\/05\/pexels-pixabay-433333-683x1024.jpg 683w, https:\/\/concordshs.eu\/wp-content\/uploads\/2024\/05\/pexels-pixabay-433333-200x300.jpg 200w, https:\/\/concordshs.eu\/wp-content\/uploads\/2024\/05\/pexels-pixabay-433333-768x1152.jpg 768w, https:\/\/concordshs.eu\/wp-content\/uploads\/2024\/05\/pexels-pixabay-433333-1024x1536.jpg 1024w, https:\/\/concordshs.eu\/wp-content\/uploads\/2024\/05\/pexels-pixabay-433333-1365x2048.jpg 1365w, https:\/\/concordshs.eu\/wp-content\/uploads\/2024\/05\/pexels-pixabay-433333-scaled.jpg 1707w\" sizes=\"auto, (max-width: 683px) 100vw, 683px\" \/><\/figure>\n<\/div>\n<\/div>\n<\/div>\n\n\n\n<p><\/p>\n","protected":false},"excerpt":{"rendered":"<p>Revue de litt\u00e9rature sur le doctorat en SHS Dans le cadre du projet Concord-SHS, une revue de litt\u00e9rature a \u00e9t\u00e9 r\u00e9alis\u00e9e. Elle a pris la forme d&#8217;une bibliographie partag\u00e9e ainsi que d&#8217;une analyse probl\u00e9matis\u00e9e \u00e0 partir d&#8217;une comparaison des mani\u00e8res de traiter les conditions de r\u00e9alisation des doctorats en SHS. Ce travail de la litt\u00e9rature [&hellip;]<\/p>\n","protected":false},"author":1,"featured_media":0,"parent":0,"menu_order":0,"comment_status":"closed","ping_status":"closed","template":"","meta":{"footnotes":""},"class_list":["post-319","page","type-page","status-publish","hentry"],"_links":{"self":[{"href":"https:\/\/concordshs.eu\/index.php\/wp-json\/wp\/v2\/pages\/319","targetHints":{"allow":["GET"]}}],"collection":[{"href":"https:\/\/concordshs.eu\/index.php\/wp-json\/wp\/v2\/pages"}],"about":[{"href":"https:\/\/concordshs.eu\/index.php\/wp-json\/wp\/v2\/types\/page"}],"author":[{"embeddable":true,"href":"https:\/\/concordshs.eu\/index.php\/wp-json\/wp\/v2\/users\/1"}],"replies":[{"embeddable":true,"href":"https:\/\/concordshs.eu\/index.php\/wp-json\/wp\/v2\/comments?post=319"}],"version-history":[{"count":7,"href":"https:\/\/concordshs.eu\/index.php\/wp-json\/wp\/v2\/pages\/319\/revisions"}],"predecessor-version":[{"id":350,"href":"https:\/\/concordshs.eu\/index.php\/wp-json\/wp\/v2\/pages\/319\/revisions\/350"}],"wp:attachment":[{"href":"https:\/\/concordshs.eu\/index.php\/wp-json\/wp\/v2\/media?parent=319"}],"curies":[{"name":"wp","href":"https:\/\/api.w.org\/{rel}","templated":true}]}}