{"id":3,"date":"2024-05-01T12:07:16","date_gmt":"2024-05-01T10:07:16","guid":{"rendered":"http:\/\/concordshs.eu\/?page_id=3"},"modified":"2024-06-10T16:10:50","modified_gmt":"2024-06-10T14:10:50","slug":"politique-de-confidentialite","status":"publish","type":"page","link":"https:\/\/concordshs.eu\/index.php\/politique-de-confidentialite\/","title":{"rendered":"Politique de confidentialit\u00e9 et mentions l\u00e9gales"},"content":{"rendered":"\n<h2 class=\"wp-block-heading\">Qui sommes-nous&nbsp;?<\/h2>\n\n\n\n<p>L\u2019adresse de notre site est\u00a0: https:\/\/concordshs.eu.<\/p>\n\n\n\n<p>Responsable de publication : Tatiana de Feraudy.<\/p>\n\n\n\n<h2 class=\"wp-block-heading\">Politique de confidentialit\u00e9<\/h2>\n\n\n\n<p>Nous ne collectons pas de donn\u00e9es de consultation du site. Si vous nous \u00e9crivez \u00e0 l&#8217;adresse de contact, nous utiliserons les donn\u00e9es que vous aurez communiqu\u00e9es uniquement pour vous r\u00e9pondre. <\/p>\n\n\n\n<h2 class=\"wp-block-heading\">Contenu embarqu\u00e9 depuis d\u2019autres sites<\/h2>\n\n\n\n<p>Les articles de ce site peuvent inclure des contenus int\u00e9gr\u00e9s (par exemple des vid\u00e9os, images, articles\u2026). Le contenu int\u00e9gr\u00e9 depuis d\u2019autres sites se comporte de la m\u00eame mani\u00e8re que si le visiteur se rendait sur cet autre site.<\/p>\n\n\n\n<p>Ces sites web pourraient collecter des donn\u00e9es sur vous, utiliser des cookies, embarquer des outils de suivis tiers, suivre vos interactions avec ces contenus embarqu\u00e9s si vous disposez d\u2019un compte connect\u00e9 sur leur site web. <\/p>\n\n\n\n<h2 class=\"wp-block-heading\">H\u00e9bergement OVH<\/h2>\n\n\n\n<p>Ce site est h\u00e9berg\u00e9 chez OVH, 2 rue kellermann BP 80157 59053 ROUBAIX CEDEX 1 &#8211; France.  <\/p>\n\n\n\n<p>OVH collecte des statistiques standards sur les visites, et d\u00e9pose un cookie par session pour assurer la continuit\u00e9 de la navigation. Vous trouverez ci-apr\u00e8s un extrait de la politique de traitement des donn\u00e9es d&#8217;OVHcloud (en <a href=\"https:\/\/help.ovhcloud.com\/csm\/fr-web-hosting-technical-specifications?id=kb_article_view&amp;sysparm_article=KB0052809\" data-type=\"link\" data-id=\"https:\/\/help.ovhcloud.com\/csm\/fr-web-hosting-technical-specifications?id=kb_article_view&amp;sysparm_article=KB0052809\">date du 22 mai 2024<\/a>) : <\/p>\n\n\n\n<div class=\"wp-block-group has-accent-5-background-color has-background has-small-font-size has-global-padding is-layout-constrained wp-container-core-group-is-layout-86dba5ee wp-block-group-is-layout-constrained\" style=\"padding-top:var(--wp--preset--spacing--10);padding-right:var(--wp--preset--spacing--10);padding-bottom:var(--wp--preset--spacing--10);padding-left:var(--wp--preset--spacing--10)\">\n<p>&#8220;<\/p>\n\n\n\n<p><strong>Cookies et traceurs utilis\u00e9s dans le cadre de la fourniture du service h\u00e9bergement mutualis\u00e9.<\/strong><\/p>\n\n\n\n<p>Afin d\u2019assurer le bon fonctionnement des sites Internet h\u00e9berg\u00e9s dans le cadre du service h\u00e9bergement web mutualis\u00e9, le cookie \u00ab SERVER ID \u00bb est plac\u00e9 sur les terminaux des visiteurs de ces sites Internet. Le cookie \u00ab SERVER ID \u00bb permet d\u2019assurer un service de r\u00e9partition de charge du trafic entrant entre les diff\u00e9rentes infrastructures utilis\u00e9es pour l\u2019h\u00e9bergement du site Internet (OVHcloud Load Balancer). Il permet \u00e0 l&#8217;utilisateur de rester sur le m\u00eame serveur h\u00f4te pendant toute la dur\u00e9e de sa session.<\/p>\n\n\n\n<p><em>Dans le langage informatique, on qualifie de \u00ab session \u00bb une p\u00e9riode donn\u00e9e pendant laquelle un appareil (ordinateur, smartphone, etc.) interagit avec un serveur<\/em>.<\/p>\n\n\n\n<p>Ceci permet de maintenir et pr\u00e9server la coh\u00e9rence du parcours utilisateur.<\/p>\n\n\n\n<p>Le cookie \u00ab SERVER ID \u00bb constitue une \u00e9criture sur le terminal de l\u2019utilisateur qui indique l\u2019instance (serveur) de l\u2019infrastructure avec laquelle l\u2019utilisateur interagit. Le cookie est anonyme en ce sens qu\u2019aucune donn\u00e9e \u00e0 caract\u00e8re personnel de l\u2019utilisateur n\u2019est utilis\u00e9e.<\/p>\n\n\n\n<p>Le cookie \u00ab SERVER ID \u00bb est plac\u00e9 sur le terminal de l\u2019utilisateur pour une dur\u00e9e inf\u00e9rieure \u00e0 24 heures.<\/p>\n\n\n\n<p>S&#8217;agissant d&#8217;un cookie :<\/p>\n\n\n\n<ul class=\"wp-block-list\">\n<li>1 : n\u00e9cessaire au fonctionnement du service d\u2019h\u00e9bergement web mutualis\u00e9;<\/li>\n\n\n\n<li>2 : anonyme.<\/li>\n<\/ul>\n\n\n\n<p>Il n&#8217;est pas concern\u00e9 par le recueil pr\u00e9alable du consentement du visiteur du site internet au sens de la R\u00e9glementation G\u00e9n\u00e9rale de Protection des donn\u00e9es (RGPD).<\/p>\n\n\n\n<p><strong>OVHcloud Web Statistics<\/strong><\/p>\n\n\n\n<p>OVHcloud met \u00e0 disposition du client des statistiques de fr\u00e9quentation et de mesure d\u2019audience du ou des site(s) Internet h\u00e9berg\u00e9(s) dans le cadre du service h\u00e9bergement mutualis\u00e9. (ci-apr\u00e8s \u00ab OVHcloud Web Statistics \u00bb). \u00ab OVHcloud Web Statistics \u00bb permet notamment d\u2019identifier la zone g\u00e9ographique des visiteurs des sites Internet h\u00e9berg\u00e9(s) dans le cadre du service d&#8217;un h\u00e9bergement web mutualis\u00e9, les caract\u00e9ristiques de leurs terminaux, des pages vues et codes HTTP. \u00ab OVHcloud Web Statistics \u00bb est activ\u00e9 par d\u00e9faut dans le cadre du service d&#8217;un h\u00e9bergement mutualis\u00e9 et peut \u00eatre d\u00e9sactiv\u00e9 sur demande du client en contactant le support technique. Afin de fournir \u00ab OVHcloud Web Statistics \u00bb, OVHcloud op\u00e8re des traitements de donn\u00e9es.<\/p>\n\n\n\n<p>Les rapports \u00ab OVHcloud Web Statistics \u00bb sont \u00e9tablis \u00e0 partir de donn\u00e9es de trafic anonymis\u00e9es, telles que l\u2019adresse IP et les logs des utilisateurs des sites Internet h\u00e9berg\u00e9(s) dans le cadre d&#8217;une offre d&#8217;h\u00e9bergement mutualis\u00e9, l\u2019URL de la requ\u00eate, la dur\u00e9e de la requ\u00eate et le \u00ab useragent \u00bb.<\/p>\n\n\n\n<p>Afin d\u2019\u00eatre utilis\u00e9es dans le cadre d\u2019\u00ab OVHcloud Web Statistics \u00bb, les donn\u00e9es cit\u00e9es pr\u00e9alablement sont anonymis\u00e9es et agr\u00e9g\u00e9es \u00e0 l\u2019aide d\u2019algorithmes op\u00e9r\u00e9s par OVHcloud, sur ses propres infrastructures. Notamment, l\u2019adresse IP du visiteur pr\u00e9sente dans les donn\u00e9es de trafic, afin d\u2019\u00eatre trait\u00e9e et analys\u00e9e pour d\u00e9terminer sa g\u00e9olocalisation (limit\u00e9e \u00e0 un niveau r\u00e9gional), est extraite sous forme anonymis\u00e9e. Ainsi, aucune donn\u00e9e \u00e0 caract\u00e8re personnel permettant l\u2019identification, directe ou indirecte, des visiteurs cit\u00e9s pr\u00e9alablement n\u2019est conserv\u00e9e dans le cadre d\u2019\u00ab OVHcloud Web Statistics \u00bb.<\/p>\n\n\n\n<p class=\"has-text-align-right\">&#8220;<\/p>\n<\/div>\n","protected":false},"excerpt":{"rendered":"<p>Qui sommes-nous&nbsp;? L\u2019adresse de notre site est\u00a0: https:\/\/concordshs.eu. Responsable de publication : Tatiana de Feraudy. Politique de confidentialit\u00e9 Nous ne collectons pas de donn\u00e9es de consultation du site. Si vous nous \u00e9crivez \u00e0 l&#8217;adresse de contact, nous utiliserons les donn\u00e9es que vous aurez communiqu\u00e9es uniquement pour vous r\u00e9pondre. Contenu embarqu\u00e9 depuis d\u2019autres sites Les articles [&hellip;]<\/p>\n","protected":false},"author":1,"featured_media":0,"parent":0,"menu_order":0,"comment_status":"closed","ping_status":"open","template":"","meta":{"footnotes":""},"class_list":["post-3","page","type-page","status-publish","hentry"],"_links":{"self":[{"href":"https:\/\/concordshs.eu\/index.php\/wp-json\/wp\/v2\/pages\/3","targetHints":{"allow":["GET"]}}],"collection":[{"href":"https:\/\/concordshs.eu\/index.php\/wp-json\/wp\/v2\/pages"}],"about":[{"href":"https:\/\/concordshs.eu\/index.php\/wp-json\/wp\/v2\/types\/page"}],"author":[{"embeddable":true,"href":"https:\/\/concordshs.eu\/index.php\/wp-json\/wp\/v2\/users\/1"}],"replies":[{"embeddable":true,"href":"https:\/\/concordshs.eu\/index.php\/wp-json\/wp\/v2\/comments?post=3"}],"version-history":[{"count":4,"href":"https:\/\/concordshs.eu\/index.php\/wp-json\/wp\/v2\/pages\/3\/revisions"}],"predecessor-version":[{"id":69,"href":"https:\/\/concordshs.eu\/index.php\/wp-json\/wp\/v2\/pages\/3\/revisions\/69"}],"wp:attachment":[{"href":"https:\/\/concordshs.eu\/index.php\/wp-json\/wp\/v2\/media?parent=3"}],"curies":[{"name":"wp","href":"https:\/\/api.w.org\/{rel}","templated":true}]}}